{"id":8,"date":"2020-02-04T13:05:35","date_gmt":"2020-02-04T13:05:35","guid":{"rendered":"http:\/\/hotelnostos-ithaki.codibee.solutions\/location\/"},"modified":"2021-04-16T12:36:18","modified_gmt":"2021-04-16T12:36:18","slug":"location","status":"publish","type":"page","link":"https:\/\/www.hotelnostos-ithaki.gr\/it\/location\/","title":{"rendered":"Posizione"},"content":{"rendered":"<p>Di fronte, a 200m, ha il mare, ai lati si ergono maestosi rilievi con la lussuregiante macchhia mediterranea impreziosita da alte conifere.\u00a0Hotel Nostos \u00e8 molto vicino al porto e le spiagge, ma abbastanza lontano in modo che si pu\u00f2 godere perfetta tranquillit\u00e0 dal vostro balcone.<\/p>\n<p>&nbsp;<\/p>\n<h2>Foto di Itaca<\/h2>\n<p><br><br><div class=\"gallery clearfix\"><div class=\"grid-sizer\"><\/div><dl class=\"gallery-item\"><dt class=\"gallery-icon\"><a href=\"https:\/\/www.hotelnostos-ithaki.gr\/wp-content\/uploads\/sites\/451\/2020\/02\/location-nostos-hotel-ithaca-view-1024x686.jpg\"><img loading=\"lazy\" decoding=\"async\" width=\"320\" height=\"214\" src=\"https:\/\/www.hotelnostos-ithaki.gr\/wp-content\/uploads\/sites\/451\/2020\/02\/location-nostos-hotel-ithaca-view-320x214.jpg\" class=\"attachment-small-mobile size-small-mobile\" alt=\"\" srcset=\"https:\/\/www.hotelnostos-ithaki.gr\/wp-content\/uploads\/sites\/451\/2020\/02\/location-nostos-hotel-ithaca-view-320x214.jpg 320w, https:\/\/www.hotelnostos-ithaki.gr\/wp-content\/uploads\/sites\/451\/2020\/02\/location-nostos-hotel-ithaca-view-300x201.jpg 300w, https:\/\/www.hotelnostos-ithaki.gr\/wp-content\/uploads\/sites\/451\/2020\/02\/location-nostos-hotel-ithaca-view-1024x686.jpg 1024w, https:\/\/www.hotelnostos-ithaki.gr\/wp-content\/uploads\/sites\/451\/2020\/02\/location-nostos-hotel-ithaca-view-1280x858.jpg 1280w, https:\/\/www.hotelnostos-ithaki.gr\/wp-content\/uploads\/sites\/451\/2020\/02\/location-nostos-hotel-ithaca-view-680x456.jpg 680w, https:\/\/www.hotelnostos-ithaki.gr\/wp-content\/uploads\/sites\/451\/2020\/02\/location-nostos-hotel-ithaca-view.jpg 1612w\" sizes=\"auto, (max-width: 320px) 100vw, 320px\" \/><\/a><\/dt><\/dl><dl class=\"gallery-item\"><dt class=\"gallery-icon\"><a href=\"https:\/\/www.hotelnostos-ithaki.gr\/wp-content\/uploads\/sites\/451\/2020\/02\/location-nostos-hotel-view-1024x686.jpg\"><img loading=\"lazy\" decoding=\"async\" width=\"320\" height=\"214\" src=\"https:\/\/www.hotelnostos-ithaki.gr\/wp-content\/uploads\/sites\/451\/2020\/02\/location-nostos-hotel-view-320x214.jpg\" class=\"attachment-small-mobile size-small-mobile\" alt=\"\" srcset=\"https:\/\/www.hotelnostos-ithaki.gr\/wp-content\/uploads\/sites\/451\/2020\/02\/location-nostos-hotel-view-320x214.jpg 320w, https:\/\/www.hotelnostos-ithaki.gr\/wp-content\/uploads\/sites\/451\/2020\/02\/location-nostos-hotel-view-300x201.jpg 300w, https:\/\/www.hotelnostos-ithaki.gr\/wp-content\/uploads\/sites\/451\/2020\/02\/location-nostos-hotel-view-1024x686.jpg 1024w, https:\/\/www.hotelnostos-ithaki.gr\/wp-content\/uploads\/sites\/451\/2020\/02\/location-nostos-hotel-view-1280x858.jpg 1280w, https:\/\/www.hotelnostos-ithaki.gr\/wp-content\/uploads\/sites\/451\/2020\/02\/location-nostos-hotel-view-680x456.jpg 680w, https:\/\/www.hotelnostos-ithaki.gr\/wp-content\/uploads\/sites\/451\/2020\/02\/location-nostos-hotel-view.jpg 1612w\" sizes=\"auto, (max-width: 320px) 100vw, 320px\" \/><\/a><\/dt><\/dl><dl class=\"gallery-item\"><dt class=\"gallery-icon\"><a href=\"https:\/\/www.hotelnostos-ithaki.gr\/wp-content\/uploads\/sites\/451\/2020\/02\/location-nostos-hotel-ithaca-09.jpg\"><img loading=\"lazy\" decoding=\"async\" width=\"320\" height=\"215\" src=\"https:\/\/www.hotelnostos-ithaki.gr\/wp-content\/uploads\/sites\/451\/2020\/02\/location-nostos-hotel-ithaca-09-320x215.jpg\" class=\"attachment-small-mobile size-small-mobile\" alt=\"\" srcset=\"https:\/\/www.hotelnostos-ithaki.gr\/wp-content\/uploads\/sites\/451\/2020\/02\/location-nostos-hotel-ithaca-09-320x215.jpg 320w, https:\/\/www.hotelnostos-ithaki.gr\/wp-content\/uploads\/sites\/451\/2020\/02\/location-nostos-hotel-ithaca-09-300x201.jpg 300w, https:\/\/www.hotelnostos-ithaki.gr\/wp-content\/uploads\/sites\/451\/2020\/02\/location-nostos-hotel-ithaca-09.jpg 640w\" sizes=\"auto, (max-width: 320px) 100vw, 320px\" \/><\/a><\/dt><\/dl><dl class=\"gallery-item\"><dt class=\"gallery-icon\"><a href=\"https:\/\/www.hotelnostos-ithaki.gr\/wp-content\/uploads\/sites\/451\/2020\/02\/location-nostos-hotel-ithaca-08.jpg\"><img loading=\"lazy\" decoding=\"async\" width=\"320\" height=\"215\" src=\"https:\/\/www.hotelnostos-ithaki.gr\/wp-content\/uploads\/sites\/451\/2020\/02\/location-nostos-hotel-ithaca-08-320x215.jpg\" class=\"attachment-small-mobile size-small-mobile\" alt=\"\" srcset=\"https:\/\/www.hotelnostos-ithaki.gr\/wp-content\/uploads\/sites\/451\/2020\/02\/location-nostos-hotel-ithaca-08-320x215.jpg 320w, https:\/\/www.hotelnostos-ithaki.gr\/wp-content\/uploads\/sites\/451\/2020\/02\/location-nostos-hotel-ithaca-08-300x201.jpg 300w, https:\/\/www.hotelnostos-ithaki.gr\/wp-content\/uploads\/sites\/451\/2020\/02\/location-nostos-hotel-ithaca-08.jpg 640w\" sizes=\"auto, (max-width: 320px) 100vw, 320px\" \/><\/a><\/dt><\/dl><dl class=\"gallery-item\"><dt class=\"gallery-icon\"><a href=\"https:\/\/www.hotelnostos-ithaki.gr\/wp-content\/uploads\/sites\/451\/2020\/02\/location-nostos-hotel-ithaca-07.jpg\"><img loading=\"lazy\" decoding=\"async\" width=\"320\" height=\"215\" src=\"https:\/\/www.hotelnostos-ithaki.gr\/wp-content\/uploads\/sites\/451\/2020\/02\/location-nostos-hotel-ithaca-07-320x215.jpg\" class=\"attachment-small-mobile size-small-mobile\" alt=\"\" srcset=\"https:\/\/www.hotelnostos-ithaki.gr\/wp-content\/uploads\/sites\/451\/2020\/02\/location-nostos-hotel-ithaca-07-320x215.jpg 320w, https:\/\/www.hotelnostos-ithaki.gr\/wp-content\/uploads\/sites\/451\/2020\/02\/location-nostos-hotel-ithaca-07-300x201.jpg 300w, https:\/\/www.hotelnostos-ithaki.gr\/wp-content\/uploads\/sites\/451\/2020\/02\/location-nostos-hotel-ithaca-07.jpg 640w\" sizes=\"auto, (max-width: 320px) 100vw, 320px\" \/><\/a><\/dt><\/dl><dl class=\"gallery-item\"><dt class=\"gallery-icon\"><a href=\"https:\/\/www.hotelnostos-ithaki.gr\/wp-content\/uploads\/sites\/451\/2020\/02\/location-nostos-hotel-ithaca-06.jpg\"><img loading=\"lazy\" decoding=\"async\" width=\"320\" height=\"215\" src=\"https:\/\/www.hotelnostos-ithaki.gr\/wp-content\/uploads\/sites\/451\/2020\/02\/location-nostos-hotel-ithaca-06-320x215.jpg\" class=\"attachment-small-mobile size-small-mobile\" alt=\"\" srcset=\"https:\/\/www.hotelnostos-ithaki.gr\/wp-content\/uploads\/sites\/451\/2020\/02\/location-nostos-hotel-ithaca-06-320x215.jpg 320w, https:\/\/www.hotelnostos-ithaki.gr\/wp-content\/uploads\/sites\/451\/2020\/02\/location-nostos-hotel-ithaca-06-300x201.jpg 300w, https:\/\/www.hotelnostos-ithaki.gr\/wp-content\/uploads\/sites\/451\/2020\/02\/location-nostos-hotel-ithaca-06.jpg 640w\" sizes=\"auto, (max-width: 320px) 100vw, 320px\" \/><\/a><\/dt><\/dl><dl class=\"gallery-item\"><dt class=\"gallery-icon\"><a href=\"https:\/\/www.hotelnostos-ithaki.gr\/wp-content\/uploads\/sites\/451\/2020\/02\/location-nostos-hotel-ithaca-05.jpg\"><img loading=\"lazy\" decoding=\"async\" width=\"320\" height=\"215\" src=\"https:\/\/www.hotelnostos-ithaki.gr\/wp-content\/uploads\/sites\/451\/2020\/02\/location-nostos-hotel-ithaca-05-320x215.jpg\" class=\"attachment-small-mobile size-small-mobile\" alt=\"\" srcset=\"https:\/\/www.hotelnostos-ithaki.gr\/wp-content\/uploads\/sites\/451\/2020\/02\/location-nostos-hotel-ithaca-05-320x215.jpg 320w, https:\/\/www.hotelnostos-ithaki.gr\/wp-content\/uploads\/sites\/451\/2020\/02\/location-nostos-hotel-ithaca-05-300x201.jpg 300w, https:\/\/www.hotelnostos-ithaki.gr\/wp-content\/uploads\/sites\/451\/2020\/02\/location-nostos-hotel-ithaca-05.jpg 640w\" sizes=\"auto, (max-width: 320px) 100vw, 320px\" \/><\/a><\/dt><\/dl><dl class=\"gallery-item\"><dt class=\"gallery-icon\"><a href=\"https:\/\/www.hotelnostos-ithaki.gr\/wp-content\/uploads\/sites\/451\/2020\/02\/location-nostos-hotel-ithaca-04.jpg\"><img loading=\"lazy\" decoding=\"async\" width=\"320\" height=\"215\" src=\"https:\/\/www.hotelnostos-ithaki.gr\/wp-content\/uploads\/sites\/451\/2020\/02\/location-nostos-hotel-ithaca-04-320x215.jpg\" class=\"attachment-small-mobile size-small-mobile\" alt=\"\" srcset=\"https:\/\/www.hotelnostos-ithaki.gr\/wp-content\/uploads\/sites\/451\/2020\/02\/location-nostos-hotel-ithaca-04-320x215.jpg 320w, https:\/\/www.hotelnostos-ithaki.gr\/wp-content\/uploads\/sites\/451\/2020\/02\/location-nostos-hotel-ithaca-04-300x201.jpg 300w, https:\/\/www.hotelnostos-ithaki.gr\/wp-content\/uploads\/sites\/451\/2020\/02\/location-nostos-hotel-ithaca-04.jpg 640w\" sizes=\"auto, (max-width: 320px) 100vw, 320px\" \/><\/a><\/dt><\/dl><dl class=\"gallery-item\"><dt class=\"gallery-icon\"><a href=\"https:\/\/www.hotelnostos-ithaki.gr\/wp-content\/uploads\/sites\/451\/2020\/02\/location-nostos-hotel-ithaca-03.jpg\"><img loading=\"lazy\" decoding=\"async\" width=\"320\" height=\"215\" src=\"https:\/\/www.hotelnostos-ithaki.gr\/wp-content\/uploads\/sites\/451\/2020\/02\/location-nostos-hotel-ithaca-03-320x215.jpg\" class=\"attachment-small-mobile size-small-mobile\" alt=\"\" srcset=\"https:\/\/www.hotelnostos-ithaki.gr\/wp-content\/uploads\/sites\/451\/2020\/02\/location-nostos-hotel-ithaca-03-320x215.jpg 320w, https:\/\/www.hotelnostos-ithaki.gr\/wp-content\/uploads\/sites\/451\/2020\/02\/location-nostos-hotel-ithaca-03-300x201.jpg 300w, https:\/\/www.hotelnostos-ithaki.gr\/wp-content\/uploads\/sites\/451\/2020\/02\/location-nostos-hotel-ithaca-03.jpg 640w\" sizes=\"auto, (max-width: 320px) 100vw, 320px\" \/><\/a><\/dt><\/dl><dl class=\"gallery-item\"><dt class=\"gallery-icon\"><a href=\"https:\/\/www.hotelnostos-ithaki.gr\/wp-content\/uploads\/sites\/451\/2020\/02\/location-nostos-hotel-ithaca-02.jpg\"><img loading=\"lazy\" decoding=\"async\" width=\"320\" height=\"477\" src=\"https:\/\/www.hotelnostos-ithaki.gr\/wp-content\/uploads\/sites\/451\/2020\/02\/location-nostos-hotel-ithaca-02-320x477.jpg\" class=\"attachment-small-mobile size-small-mobile\" alt=\"\" srcset=\"https:\/\/www.hotelnostos-ithaki.gr\/wp-content\/uploads\/sites\/451\/2020\/02\/location-nostos-hotel-ithaca-02-320x477.jpg 320w, https:\/\/www.hotelnostos-ithaki.gr\/wp-content\/uploads\/sites\/451\/2020\/02\/location-nostos-hotel-ithaca-02-201x300.jpg 201w, https:\/\/www.hotelnostos-ithaki.gr\/wp-content\/uploads\/sites\/451\/2020\/02\/location-nostos-hotel-ithaca-02.jpg 322w\" sizes=\"auto, (max-width: 320px) 100vw, 320px\" \/><\/a><\/dt><\/dl><dl class=\"gallery-item\"><dt class=\"gallery-icon\"><a href=\"https:\/\/www.hotelnostos-ithaki.gr\/wp-content\/uploads\/sites\/451\/2020\/02\/location-nostos-hotel-ithaca-01.jpg\"><img loading=\"lazy\" decoding=\"async\" width=\"320\" height=\"477\" src=\"https:\/\/www.hotelnostos-ithaki.gr\/wp-content\/uploads\/sites\/451\/2020\/02\/location-nostos-hotel-ithaca-01-320x477.jpg\" class=\"attachment-small-mobile size-small-mobile\" alt=\"\" srcset=\"https:\/\/www.hotelnostos-ithaki.gr\/wp-content\/uploads\/sites\/451\/2020\/02\/location-nostos-hotel-ithaca-01-320x477.jpg 320w, https:\/\/www.hotelnostos-ithaki.gr\/wp-content\/uploads\/sites\/451\/2020\/02\/location-nostos-hotel-ithaca-01-201x300.jpg 201w, https:\/\/www.hotelnostos-ithaki.gr\/wp-content\/uploads\/sites\/451\/2020\/02\/location-nostos-hotel-ithaca-01.jpg 322w\" sizes=\"auto, (max-width: 320px) 100vw, 320px\" \/><\/a><\/dt><\/dl><dl class=\"gallery-item\"><dt class=\"gallery-icon\"><a href=\"https:\/\/www.hotelnostos-ithaki.gr\/wp-content\/uploads\/sites\/451\/2020\/02\/location-nostos-hotel-ithaca.jpg\"><img loading=\"lazy\" decoding=\"async\" width=\"320\" height=\"214\" src=\"https:\/\/www.hotelnostos-ithaki.gr\/wp-content\/uploads\/sites\/451\/2020\/02\/location-nostos-hotel-ithaca-320x214.jpg\" class=\"attachment-small-mobile size-small-mobile\" alt=\"\" srcset=\"https:\/\/www.hotelnostos-ithaki.gr\/wp-content\/uploads\/sites\/451\/2020\/02\/location-nostos-hotel-ithaca-320x214.jpg 320w, https:\/\/www.hotelnostos-ithaki.gr\/wp-content\/uploads\/sites\/451\/2020\/02\/location-nostos-hotel-ithaca-300x201.jpg 300w, https:\/\/www.hotelnostos-ithaki.gr\/wp-content\/uploads\/sites\/451\/2020\/02\/location-nostos-hotel-ithaca.jpg 430w\" sizes=\"auto, (max-width: 320px) 100vw, 320px\" \/><\/a><\/dt><\/dl><dl class=\"gallery-item\"><dt class=\"gallery-icon\"><a href=\"https:\/\/www.hotelnostos-ithaki.gr\/wp-content\/uploads\/sites\/451\/2020\/02\/location-nostos-hotel-frikes-port.jpg\"><img loading=\"lazy\" decoding=\"async\" width=\"320\" height=\"214\" src=\"https:\/\/www.hotelnostos-ithaki.gr\/wp-content\/uploads\/sites\/451\/2020\/02\/location-nostos-hotel-frikes-port-320x214.jpg\" class=\"attachment-small-mobile size-small-mobile\" alt=\"\" srcset=\"https:\/\/www.hotelnostos-ithaki.gr\/wp-content\/uploads\/sites\/451\/2020\/02\/location-nostos-hotel-frikes-port-320x214.jpg 320w, https:\/\/www.hotelnostos-ithaki.gr\/wp-content\/uploads\/sites\/451\/2020\/02\/location-nostos-hotel-frikes-port-300x201.jpg 300w, https:\/\/www.hotelnostos-ithaki.gr\/wp-content\/uploads\/sites\/451\/2020\/02\/location-nostos-hotel-frikes-port-680x455.jpg 680w, https:\/\/www.hotelnostos-ithaki.gr\/wp-content\/uploads\/sites\/451\/2020\/02\/location-nostos-hotel-frikes-port.jpg 941w\" sizes=\"auto, (max-width: 320px) 100vw, 320px\" \/><\/a><\/dt><\/dl><dl class=\"gallery-item\"><dt class=\"gallery-icon\"><a href=\"https:\/\/www.hotelnostos-ithaki.gr\/wp-content\/uploads\/sites\/451\/2020\/02\/ithaca-nostos-hotel-beach.jpg\"><img loading=\"lazy\" decoding=\"async\" width=\"320\" height=\"214\" src=\"https:\/\/www.hotelnostos-ithaki.gr\/wp-content\/uploads\/sites\/451\/2020\/02\/ithaca-nostos-hotel-beach-320x214.jpg\" class=\"attachment-small-mobile size-small-mobile\" alt=\"\" srcset=\"https:\/\/www.hotelnostos-ithaki.gr\/wp-content\/uploads\/sites\/451\/2020\/02\/ithaca-nostos-hotel-beach-320x214.jpg 320w, https:\/\/www.hotelnostos-ithaki.gr\/wp-content\/uploads\/sites\/451\/2020\/02\/ithaca-nostos-hotel-beach-300x201.jpg 300w, https:\/\/www.hotelnostos-ithaki.gr\/wp-content\/uploads\/sites\/451\/2020\/02\/ithaca-nostos-hotel-beach.jpg 367w\" sizes=\"auto, (max-width: 320px) 100vw, 320px\" \/><\/a><\/dt><\/dl><dl class=\"gallery-item\"><dt class=\"gallery-icon\"><a href=\"https:\/\/www.hotelnostos-ithaki.gr\/wp-content\/uploads\/sites\/451\/2020\/02\/location-nostos-hotel-frikes-1024x683.jpg\"><img loading=\"lazy\" decoding=\"async\" width=\"320\" height=\"213\" src=\"https:\/\/www.hotelnostos-ithaki.gr\/wp-content\/uploads\/sites\/451\/2020\/02\/location-nostos-hotel-frikes-320x213.jpg\" class=\"attachment-small-mobile size-small-mobile\" alt=\"\" srcset=\"https:\/\/www.hotelnostos-ithaki.gr\/wp-content\/uploads\/sites\/451\/2020\/02\/location-nostos-hotel-frikes-320x213.jpg 320w, https:\/\/www.hotelnostos-ithaki.gr\/wp-content\/uploads\/sites\/451\/2020\/02\/location-nostos-hotel-frikes-300x200.jpg 300w, https:\/\/www.hotelnostos-ithaki.gr\/wp-content\/uploads\/sites\/451\/2020\/02\/location-nostos-hotel-frikes-1024x683.jpg 1024w, https:\/\/www.hotelnostos-ithaki.gr\/wp-content\/uploads\/sites\/451\/2020\/02\/location-nostos-hotel-frikes-1280x853.jpg 1280w, https:\/\/www.hotelnostos-ithaki.gr\/wp-content\/uploads\/sites\/451\/2020\/02\/location-nostos-hotel-frikes-680x453.jpg 680w, https:\/\/www.hotelnostos-ithaki.gr\/wp-content\/uploads\/sites\/451\/2020\/02\/location-nostos-hotel-frikes-1920x1280.jpg 1920w\" sizes=\"auto, (max-width: 320px) 100vw, 320px\" \/><\/a><\/dt><\/dl><\/div><\/p>","protected":false},"excerpt":{"rendered":"<p>Hotel Nostos \u00e8 molto vicino al porto e le spiagge, ma abbastanza lontano in modo che si pu\u00f2 godere perfetta tranquillit\u00e0 dal vostro balcone.<\/p>\n","protected":false},"author":1,"featured_media":28,"parent":0,"menu_order":0,"comment_status":"closed","ping_status":"closed","template":"page_location.php","meta":{"footnotes":""},"class_list":["post-8","page","type-page","status-publish","has-post-thumbnail","hentry"],"_links":{"self":[{"href":"https:\/\/www.hotelnostos-ithaki.gr\/it\/wp-json\/wp\/v2\/pages\/8","targetHints":{"allow":["GET"]}}],"collection":[{"href":"https:\/\/www.hotelnostos-ithaki.gr\/it\/wp-json\/wp\/v2\/pages"}],"about":[{"href":"https:\/\/www.hotelnostos-ithaki.gr\/it\/wp-json\/wp\/v2\/types\/page"}],"author":[{"embeddable":true,"href":"https:\/\/www.hotelnostos-ithaki.gr\/it\/wp-json\/wp\/v2\/users\/1"}],"replies":[{"embeddable":true,"href":"https:\/\/www.hotelnostos-ithaki.gr\/it\/wp-json\/wp\/v2\/comments?post=8"}],"version-history":[{"count":2,"href":"https:\/\/www.hotelnostos-ithaki.gr\/it\/wp-json\/wp\/v2\/pages\/8\/revisions"}],"predecessor-version":[{"id":145,"href":"https:\/\/www.hotelnostos-ithaki.gr\/it\/wp-json\/wp\/v2\/pages\/8\/revisions\/145"}],"wp:featuredmedia":[{"embeddable":true,"href":"https:\/\/www.hotelnostos-ithaki.gr\/it\/wp-json\/wp\/v2\/media\/28"}],"wp:attachment":[{"href":"https:\/\/www.hotelnostos-ithaki.gr\/it\/wp-json\/wp\/v2\/media?parent=8"}],"curies":[{"name":"wp","href":"https:\/\/api.w.org\/{rel}","templated":true}]}}